{"id":544,"date":"2024-01-25T10:34:21","date_gmt":"2024-01-25T10:34:21","guid":{"rendered":"https:\/\/naroanoia.es\/?post_type=product&#038;p=544"},"modified":"2024-01-30T18:57:26","modified_gmt":"2024-01-30T18:57:26","slug":"kinetics-nano-seal","status":"publish","type":"product","link":"https:\/\/naroanoia.es\/index.php\/producto\/kinetics-nano-seal\/","title":{"rendered":"Kinetics Nano Seal"},"content":{"rendered":"","protected":false},"excerpt":{"rendered":"<p>Terapia continua para u\u00f1as quebradizas. Un c\u00f3ctel de vitaminas A, E, B5 y C proporciona humedad constante a las u\u00f1as secas y quebradizas y ayuda a restaurar una condici\u00f3n saludable.<\/p>\n","protected":false},"featured_media":545,"comment_status":"open","ping_status":"closed","template":"","meta":{"neve_meta_sidebar":"","neve_meta_container":"","neve_meta_enable_content_width":"off","neve_meta_content_width":100,"neve_meta_title_alignment":"","neve_meta_author_avatar":"","neve_post_elements_order":"","neve_meta_disable_header":"","neve_meta_disable_footer":"","neve_meta_disable_title":"","_themeisle_gutenberg_block_has_review":false,"_joinchat":[]},"product_cat":[31],"product_tag":[],"class_list":{"0":"post-544","1":"product","2":"type-product","3":"status-publish","4":"has-post-thumbnail","6":"product_cat-kinetics","8":"first","9":"instock","10":"shipping-taxable","11":"purchasable","12":"product-type-simple"},"aioseo_notices":[],"jetpack_sharing_enabled":true,"_links":{"self":[{"href":"https:\/\/naroanoia.es\/index.php\/wp-json\/wp\/v2\/product\/544","targetHints":{"allow":["GET"]}}],"collection":[{"href":"https:\/\/naroanoia.es\/index.php\/wp-json\/wp\/v2\/product"}],"about":[{"href":"https:\/\/naroanoia.es\/index.php\/wp-json\/wp\/v2\/types\/product"}],"replies":[{"embeddable":true,"href":"https:\/\/naroanoia.es\/index.php\/wp-json\/wp\/v2\/comments?post=544"}],"wp:featuredmedia":[{"embeddable":true,"href":"https:\/\/naroanoia.es\/index.php\/wp-json\/wp\/v2\/media\/545"}],"wp:attachment":[{"href":"https:\/\/naroanoia.es\/index.php\/wp-json\/wp\/v2\/media?parent=544"}],"wp:term":[{"taxonomy":"product_cat","embeddable":true,"href":"https:\/\/naroanoia.es\/index.php\/wp-json\/wp\/v2\/product_cat?post=544"},{"taxonomy":"product_tag","embeddable":true,"href":"https:\/\/naroanoia.es\/index.php\/wp-json\/wp\/v2\/product_tag?post=544"}],"curies":[{"name":"wp","href":"https:\/\/api.w.org\/{rel}","templated":true}]}}