{"id":542,"date":"2024-01-25T10:32:54","date_gmt":"2024-01-25T10:32:54","guid":{"rendered":"https:\/\/naroanoia.es\/?post_type=product&#038;p=542"},"modified":"2024-02-01T15:12:59","modified_gmt":"2024-02-01T15:12:59","slug":"kinetics-shark-nano-green","status":"publish","type":"product","link":"https:\/\/naroanoia.es\/index.php\/producto\/kinetics-shark-nano-green\/","title":{"rendered":"Kinetics Shark Nano Green"},"content":{"rendered":"","protected":false},"excerpt":{"rendered":"<p>Endurecedor de u\u00f1as de m\u00e1xima eficacia. Una ayuda instant\u00e1nea para u\u00f1as da\u00f1adas y d\u00e9biles. Tambi\u00e9n se puede utilizar como capa base y capa superior.<\/p>\n","protected":false},"featured_media":543,"comment_status":"open","ping_status":"closed","template":"","meta":{"neve_meta_sidebar":"","neve_meta_container":"","neve_meta_enable_content_width":"off","neve_meta_content_width":100,"neve_meta_title_alignment":"","neve_meta_author_avatar":"","neve_post_elements_order":"","neve_meta_disable_header":"","neve_meta_disable_footer":"","neve_meta_disable_title":"","_themeisle_gutenberg_block_has_review":false,"_joinchat":[]},"product_cat":[31],"product_tag":[],"class_list":{"0":"post-542","1":"product","2":"type-product","3":"status-publish","4":"has-post-thumbnail","6":"product_cat-kinetics","8":"first","9":"instock","10":"shipping-taxable","11":"purchasable","12":"product-type-simple"},"aioseo_notices":[],"jetpack_sharing_enabled":true,"_links":{"self":[{"href":"https:\/\/naroanoia.es\/index.php\/wp-json\/wp\/v2\/product\/542","targetHints":{"allow":["GET"]}}],"collection":[{"href":"https:\/\/naroanoia.es\/index.php\/wp-json\/wp\/v2\/product"}],"about":[{"href":"https:\/\/naroanoia.es\/index.php\/wp-json\/wp\/v2\/types\/product"}],"replies":[{"embeddable":true,"href":"https:\/\/naroanoia.es\/index.php\/wp-json\/wp\/v2\/comments?post=542"}],"wp:featuredmedia":[{"embeddable":true,"href":"https:\/\/naroanoia.es\/index.php\/wp-json\/wp\/v2\/media\/543"}],"wp:attachment":[{"href":"https:\/\/naroanoia.es\/index.php\/wp-json\/wp\/v2\/media?parent=542"}],"wp:term":[{"taxonomy":"product_cat","embeddable":true,"href":"https:\/\/naroanoia.es\/index.php\/wp-json\/wp\/v2\/product_cat?post=542"},{"taxonomy":"product_tag","embeddable":true,"href":"https:\/\/naroanoia.es\/index.php\/wp-json\/wp\/v2\/product_tag?post=542"}],"curies":[{"name":"wp","href":"https:\/\/api.w.org\/{rel}","templated":true}]}}