{"id":533,"date":"2024-01-25T09:20:28","date_gmt":"2024-01-25T09:20:28","guid":{"rendered":"https:\/\/naroanoia.es\/?post_type=product&#038;p=533"},"modified":"2024-02-01T15:12:35","modified_gmt":"2024-02-01T15:12:35","slug":"olaplex-no-9-bond-protector","status":"publish","type":"product","link":"https:\/\/naroanoia.es\/index.php\/producto\/olaplex-no-9-bond-protector\/","title":{"rendered":"Olaplex n\u00ba 9 Bond Protector Nourishing Hair Serum"},"content":{"rendered":"","protected":false},"excerpt":{"rendered":"<p>El N\u00ba.9 Bond Protector Nourishing Hair Serum, con tecnolog\u00eda patentada OLAPLEX Bond Building Technology, es un s\u00e9rum capilar antioxidante sin siliconas que protege al instante el cabello de la contaminaci\u00f3n y lo protege de los da\u00f1os causados por el calor, al tiempo que aporta un brillo satinado y reduce la electricidad est\u00e1tica y los enredos.<\/p>\n","protected":false},"featured_media":534,"comment_status":"open","ping_status":"closed","template":"","meta":{"neve_meta_sidebar":"","neve_meta_container":"","neve_meta_enable_content_width":"off","neve_meta_content_width":100,"neve_meta_title_alignment":"","neve_meta_author_avatar":"","neve_post_elements_order":"","neve_meta_disable_header":"","neve_meta_disable_footer":"","neve_meta_disable_title":"","_themeisle_gutenberg_block_has_review":false,"_joinchat":[]},"product_cat":[28],"product_tag":[],"class_list":{"0":"post-533","1":"product","2":"type-product","3":"status-publish","4":"has-post-thumbnail","6":"product_cat-olaplex","8":"first","9":"instock","10":"shipping-taxable","11":"purchasable","12":"product-type-simple"},"aioseo_notices":[],"jetpack_sharing_enabled":true,"_links":{"self":[{"href":"https:\/\/naroanoia.es\/index.php\/wp-json\/wp\/v2\/product\/533","targetHints":{"allow":["GET"]}}],"collection":[{"href":"https:\/\/naroanoia.es\/index.php\/wp-json\/wp\/v2\/product"}],"about":[{"href":"https:\/\/naroanoia.es\/index.php\/wp-json\/wp\/v2\/types\/product"}],"replies":[{"embeddable":true,"href":"https:\/\/naroanoia.es\/index.php\/wp-json\/wp\/v2\/comments?post=533"}],"wp:featuredmedia":[{"embeddable":true,"href":"https:\/\/naroanoia.es\/index.php\/wp-json\/wp\/v2\/media\/534"}],"wp:attachment":[{"href":"https:\/\/naroanoia.es\/index.php\/wp-json\/wp\/v2\/media?parent=533"}],"wp:term":[{"taxonomy":"product_cat","embeddable":true,"href":"https:\/\/naroanoia.es\/index.php\/wp-json\/wp\/v2\/product_cat?post=533"},{"taxonomy":"product_tag","embeddable":true,"href":"https:\/\/naroanoia.es\/index.php\/wp-json\/wp\/v2\/product_tag?post=533"}],"curies":[{"name":"wp","href":"https:\/\/api.w.org\/{rel}","templated":true}]}}