{"id":527,"date":"2024-01-25T09:09:34","date_gmt":"2024-01-25T09:09:34","guid":{"rendered":"https:\/\/naroanoia.es\/?post_type=product&#038;p=527"},"modified":"2024-02-01T15:12:24","modified_gmt":"2024-02-01T15:12:24","slug":"olaplex-no-4p-enhancer","status":"publish","type":"product","link":"https:\/\/naroanoia.es\/index.php\/producto\/olaplex-no-4p-enhancer\/","title":{"rendered":"Olaplex n\u00ba 4P Enhancer\u2122 Toning Shampoo"},"content":{"rendered":"","protected":false},"excerpt":{"rendered":"<p>El N\u00ba.4P Blonde Enhancer Toning Shampoo, con tecnolog\u00eda patentada OLAPLEX Bond Building Technology, es un champ\u00fa morado altamente concentrado que limpia, tonifica y repara con una f\u00f3rmula sin sulfatos que neutraliza el tono bronceado y potencia el brillo tras un solo uso.<\/p>\n","protected":false},"featured_media":528,"comment_status":"open","ping_status":"closed","template":"","meta":{"neve_meta_sidebar":"","neve_meta_container":"","neve_meta_enable_content_width":"off","neve_meta_content_width":100,"neve_meta_title_alignment":"","neve_meta_author_avatar":"","neve_post_elements_order":"","neve_meta_disable_header":"","neve_meta_disable_footer":"","neve_meta_disable_title":"","_themeisle_gutenberg_block_has_review":false,"_joinchat":[]},"product_cat":[28],"product_tag":[],"class_list":{"0":"post-527","1":"product","2":"type-product","3":"status-publish","4":"has-post-thumbnail","6":"product_cat-olaplex","8":"first","9":"instock","10":"shipping-taxable","11":"purchasable","12":"product-type-simple"},"aioseo_notices":[],"jetpack_sharing_enabled":true,"_links":{"self":[{"href":"https:\/\/naroanoia.es\/index.php\/wp-json\/wp\/v2\/product\/527","targetHints":{"allow":["GET"]}}],"collection":[{"href":"https:\/\/naroanoia.es\/index.php\/wp-json\/wp\/v2\/product"}],"about":[{"href":"https:\/\/naroanoia.es\/index.php\/wp-json\/wp\/v2\/types\/product"}],"replies":[{"embeddable":true,"href":"https:\/\/naroanoia.es\/index.php\/wp-json\/wp\/v2\/comments?post=527"}],"wp:featuredmedia":[{"embeddable":true,"href":"https:\/\/naroanoia.es\/index.php\/wp-json\/wp\/v2\/media\/528"}],"wp:attachment":[{"href":"https:\/\/naroanoia.es\/index.php\/wp-json\/wp\/v2\/media?parent=527"}],"wp:term":[{"taxonomy":"product_cat","embeddable":true,"href":"https:\/\/naroanoia.es\/index.php\/wp-json\/wp\/v2\/product_cat?post=527"},{"taxonomy":"product_tag","embeddable":true,"href":"https:\/\/naroanoia.es\/index.php\/wp-json\/wp\/v2\/product_tag?post=527"}],"curies":[{"name":"wp","href":"https:\/\/api.w.org\/{rel}","templated":true}]}}