{"id":640,"date":"2024-09-04T07:10:18","date_gmt":"2024-09-04T07:10:18","guid":{"rendered":"https:\/\/naroanoia.es\/?page_id=640"},"modified":"2024-09-04T07:10:28","modified_gmt":"2024-09-04T07:10:28","slug":"legislacion-penalizacion-reservas","status":"publish","type":"page","link":"https:\/\/naroanoia.es\/index.php\/legislacion-penalizacion-reservas\/","title":{"rendered":"Legislaci\u00f3n sobre la penalizaci\u00f3n en las reservas"},"content":{"rendered":"<p><strong>La condici\u00f3n de la pol\u00edtica de cancelaci\u00f3n es, claramente, una cl\u00e1usula penal<\/strong>. El art\u00edculo 1152 del C\u00f3digo Civil establece que, en los contratos con cl\u00e1usula penal, <strong>dicha pena sustituir\u00e1 a la indemnizaci\u00f3n de da\u00f1os<\/strong> y perjuicios en caso de incumplimiento, a menos que se haya pactado lo contrario. La cl\u00e1usula penal es una estipulaci\u00f3n accesoria establecida en el contrato para asegurar el cumplimiento de la obligaci\u00f3n principal, y su funci\u00f3n principal es garantizar el cumplimiento de la obligaci\u00f3n.<\/p><p><strong>Tambi\u00e9n cumple una funci\u00f3n liquidatoria<\/strong>, es decir, que si no se hubiera pactado lo contrario, la pena sustituir\u00e1 a la indemnizaci\u00f3n de da\u00f1os y perjuicios en caso de incumplimiento sin necesidad de que el acreedor pruebe su existencia. S\u00f3lo excepcionalmente opera la funci\u00f3n cumulativa cuando se ha pactado expresamente que el acreedor pueda exigir la indemnizaci\u00f3n de los da\u00f1os y perjuicios causados y probados y la pena pactada como cl\u00e1usula penal.<\/p><p>Obviamente, el demandante pretend\u00eda aprovechar, como estrategia procesal, <strong>la alegaci\u00f3n de la abusividad de la cl\u00e1usula penal de cancelaci\u00f3n<\/strong>. El art\u00edculo 82 del Real Decreto Legislativo 1\/2007, de 16 de noviembre, por el que se aprueba el texto refundido de la Ley General para la Defensa de los Consumidores y Usuarios y otras leyes complementarias, establece que <strong>una cl\u00e1usula abusiva es cualquier estipulaci\u00f3n<\/strong> que no ha sido negociada individualmente y que, en contra de las exigencias de la buena fe, cause un desequilibrio importante en los derechos y obligaciones de las partes que se derivan del contrato, perjudicando al consumidor, debiendo tenerse presente que, incluso si algunos elementos de una cl\u00e1usula se han negociado individualmente, esto no excluye la aplicaci\u00f3n de las normas sobre cl\u00e1usulas abusivas al resto del contrato. <strong>Es responsabilidad del empresario probar que una cl\u00e1usula ha sido negociada individualmente<\/strong>.<\/p>","protected":false},"excerpt":{"rendered":"<p>La condici\u00f3n de la pol\u00edtica de cancelaci\u00f3n es, claramente, una cl\u00e1usula penal. El art\u00edculo 1152 del C\u00f3digo Civil establece que, en los contratos con cl\u00e1usula penal, dicha pena sustituir\u00e1 a la indemnizaci\u00f3n de da\u00f1os y perjuicios en caso de incumplimiento, a menos que se haya pactado lo contrario. La cl\u00e1usula penal es una estipulaci\u00f3n accesoria&hellip;&nbsp;<a href=\"https:\/\/naroanoia.es\/index.php\/legislacion-penalizacion-reservas\/\" rel=\"bookmark\">Leer m\u00e1s &raquo;<span class=\"screen-reader-text\">Legislaci\u00f3n sobre la penalizaci\u00f3n en las reservas<\/span><\/a><\/p>\n","protected":false},"author":1,"featured_media":0,"parent":0,"menu_order":0,"comment_status":"closed","ping_status":"closed","template":"","meta":{"neve_meta_sidebar":"","neve_meta_container":"","neve_meta_enable_content_width":"","neve_meta_content_width":0,"neve_meta_title_alignment":"","neve_meta_author_avatar":"","neve_post_elements_order":"","neve_meta_disable_header":"","neve_meta_disable_footer":"","neve_meta_disable_title":"","_themeisle_gutenberg_block_has_review":false,"_joinchat":[],"footnotes":""},"class_list":["post-640","page","type-page","status-publish","hentry"],"aioseo_notices":[],"jetpack_sharing_enabled":true,"_links":{"self":[{"href":"https:\/\/naroanoia.es\/index.php\/wp-json\/wp\/v2\/pages\/640","targetHints":{"allow":["GET"]}}],"collection":[{"href":"https:\/\/naroanoia.es\/index.php\/wp-json\/wp\/v2\/pages"}],"about":[{"href":"https:\/\/naroanoia.es\/index.php\/wp-json\/wp\/v2\/types\/page"}],"author":[{"embeddable":true,"href":"https:\/\/naroanoia.es\/index.php\/wp-json\/wp\/v2\/users\/1"}],"replies":[{"embeddable":true,"href":"https:\/\/naroanoia.es\/index.php\/wp-json\/wp\/v2\/comments?post=640"}],"version-history":[{"count":1,"href":"https:\/\/naroanoia.es\/index.php\/wp-json\/wp\/v2\/pages\/640\/revisions"}],"predecessor-version":[{"id":641,"href":"https:\/\/naroanoia.es\/index.php\/wp-json\/wp\/v2\/pages\/640\/revisions\/641"}],"wp:attachment":[{"href":"https:\/\/naroanoia.es\/index.php\/wp-json\/wp\/v2\/media?parent=640"}],"curies":[{"name":"wp","href":"https:\/\/api.w.org\/{rel}","templated":true}]}}