{"id":397,"date":"2023-05-24T09:59:16","date_gmt":"2023-05-24T09:59:16","guid":{"rendered":"https:\/\/naroanoia.es\/?page_id=397"},"modified":"2023-05-24T10:00:56","modified_gmt":"2023-05-24T10:00:56","slug":"politica-privacidad","status":"publish","type":"page","link":"https:\/\/naroanoia.es\/index.php\/politica-privacidad\/","title":{"rendered":"Pol\u00edtica de privacidad de datos"},"content":{"rendered":"<h2 class=\"wp-block-heading\"><strong>Recomendaci\u00f3n previa.<\/strong><\/h2><p>Te damos la bienvenida a la web y te recomendamos que leas esta Pol\u00edtica de Privacidad.<\/p><p>Aqu\u00ed describimos la manera en la que ROMAR\u00cdS ANTELO, NATALIA, S.L. (en adelante NAROA) recaba y utiliza la informaci\u00f3n de clientes, usuarios y suscriptores de esta web.<\/p><p>En esta web se respetan y cuidan los datos personales de los usuarios. Como usuario debes saber que tus derechos est\u00e1n garantizados. Nos esforzamos en crear un espacio seguro y confiable.<\/p><p><strong>Tu privacidad es importante para nosotros<\/strong><\/p><p>En esta declaraci\u00f3n de privacidad explicamos qu\u00e9 datos personales recopilamos y c\u00f3mo los utilizamos.<\/p><p>Te animamos a leer detenidamente estos t\u00e9rminos antes de facilitar tus datos personales en esta web.<\/p><p>Los mayores de trece a\u00f1os podr\u00e1n registrarse en WWW.NAROANOIA.ES (en adelante NUESTRA P\u00c1GINA WEB) como usuarios sin el previo consentimiento de sus padres o tutores.<\/p><p>En el caso de los menores de trece a\u00f1os se requiere el consentimiento de los padres o tutores para el tratamiento de sus datos personales.<\/p><p>En ning\u00fan caso se recabar\u00e1n del menor de edad datos relativos a la situaci\u00f3n profesional, econ\u00f3mica o a la intimidad de los otros miembros de la familia sin el consentimiento de \u00e9stos.<\/p><p>En esta web se respetan y cuidan los datos personales de los usuarios. Como usuario debes saber que tus derechos est\u00e1n garantizados.<\/p><p>Nos esforzamos en crear un espacio seguro y confiable y por eso queremos compartir nuestros principios respecto a tu privacidad:<\/p><ul class=\"wp-block-list\"><li>Nunca solicitamos informaci\u00f3n personal a menos que realmente sea necesaria para prestarte los servicios que requieras.<\/li>\n\n<li>Nunca compartimos informaci\u00f3n personal de los usuarios con nadie, excepto para cumplir con la ley o en caso que contemos con tu autorizaci\u00f3n expresa.<\/li>\n\n<li>Nunca utilizamos tus datos personales con una finalidad diferente a la expresada en esta pol\u00edtica de privacidad.<\/li><\/ul><p>Es preciso advertir que esta Pol\u00edtica de Privacidad podr\u00eda variar en funci\u00f3n de exigencias legislativas o de autorregulaci\u00f3n, por lo que se aconseja a los usuarios que la visiten peri\u00f3dicamente. Ser\u00e1 aplicable en caso de que los usuarios decidan rellenar alg\u00fan formulario de cualquiera de sus formularios de contacto donde se recaben datos de car\u00e1cter personal.<\/p><p>NAROA cumple tambi\u00e9n con el Reglamento (UE) 2016\/679 del Parlamento Europeo y del Consejo de 27 de abril de 2016 relativo a la protecci\u00f3n de las personas f\u00edsicas (RGPD), as\u00ed como con la Ley 34\/2002, de 11 de julio, de Servicios de la Sociedad de la Informaci\u00f3n y Comercio Electr\u00f3nico (LSSICE o LSSI).<\/p><h2 class=\"wp-block-heading\"><strong>Responsable del tratamiento de tus datos personales.<\/strong><\/h2><p><strong>Identidad del Responsable:<\/strong>&nbsp;Romar\u00eds Antelo, Natalia, S.L.<\/p><p><strong>Inscripci\u00f3n fiscal:<\/strong>&nbsp;Inscrita en el Registro Mercantil de A Coru\u00f1a, Tomo XXXX, Folio XXXX, Hoja XXXX, inscripci\u00f3n 1\u00aa. NIF: 44839847J<\/p><p><strong>Direcci\u00f3n:<\/strong>&nbsp;Calle Pintor Xenaro Carrero, 19. 15200 Noia (A Coru\u00f1a)<\/p><p><strong>Correo electr\u00f3nico:<\/strong>&nbsp;nathycuns@gmail.com<\/p><p><strong>Tel\u00e9fono:<\/strong>&nbsp;981822349<\/p><p>A efectos de lo previsto en el Reglamento General de Protecci\u00f3n de Datos antes citado, los datos personales que nos env\u00edes a trav\u00e9s de los formularios de la web, recibir\u00e1n el tratamiento de datos de \u201cUsuarios de la web y suscriptores\u201d.<\/p><p>Para el tratamiento de datos de los usuarios implementamos todas las medidas t\u00e9cnicas y organizativas de seguridad establecidas en la legislaci\u00f3n vigente.<\/p><h2 class=\"wp-block-heading\"><strong>Principios que aplicaremos a tu informaci\u00f3n personal.<\/strong><\/h2><p>En el tratamiento de tus datos personales aplicaremos los siguientes principios que se ajustan a las exigencias del nuevo reglamento europeo de protecci\u00f3n de datos:<\/p><ul class=\"wp-block-list\"><li><strong>Principio de licitud, lealtad y transparencia:<\/strong>&nbsp;Siempre vamos a requerir tu consentimiento para el tratamiento de tus datos personales para uno o varios fines espec\u00edficos que informaremos previamente con absoluta transparencia.<\/li>\n\n<li><strong>Principio de minimizaci\u00f3n de datos:<\/strong>&nbsp;Solo vamos a solicitar datos estrictamente necesarios en relaci\u00f3n con los fines para los que los requerimos.<\/li>\n\n<li><strong>Principio de limitaci\u00f3n del plazo de conservaci\u00f3n:<\/strong>&nbsp;los datos ser\u00e1n mantenidos durante no m\u00e1s tiempo del necesario para los fines del tratamiento, en funci\u00f3n a la finalidad, informaremos del plazo de conservaci\u00f3n correspondiente, en el caso de suscripciones, peri\u00f3dicamente revisar\u00e9 las listas y eliminaremos aquellos registros inactivos durante un tiempo considerable.<\/li>\n\n<li><strong>Principio de integridad y confidencialidad:<\/strong>&nbsp;Tus datos ser\u00e1n tratados de tal manera que se garantice una seguridad adecuada de los datos personales y se garantice confidencialidad. Debes saber que tomamos todas las precauciones necesarias para evitar el acceso no autorizado o uso indebido de los datos de nuestros usuarios por parte de terceros.<\/li><\/ul><h2 class=\"wp-block-heading\"><strong>\u00bfC\u00f3mo hemos obtenido tus datos?<\/strong><\/h2><p>Los datos personales que tratamos proceden de:<\/p><ul class=\"wp-block-list\"><li>Formularios de contacto y\/o presupuesto.<\/li>\n\n<li>Formularios de subscripci\u00f3n.<\/li>\n\n<li>Comentarios en el blog.<\/li><\/ul><h2 class=\"wp-block-heading\"><strong>\u00bfCu\u00e1les son tus derechos cuando nos facilitas tus datos?<\/strong><\/h2><p>Cualquier persona tiene derecho a obtener confirmaci\u00f3n sobre si en NAROA estamos tratando datos personales que nos conciernen, o no.<\/p><p>Las personas interesadas tienen derecho a:<\/p><ul class=\"wp-block-list\"><li>Solicitar el acceso a los datos personales relativos al interesado.<\/li>\n\n<li>Solicitar su rectificaci\u00f3n o supresi\u00f3n.<\/li>\n\n<li>Solicitar la limitaci\u00f3n de su tratamiento.<\/li>\n\n<li>Oponerse al tratamiento.<\/li>\n\n<li>Solicitar la portabilidad de los datos.<\/li><\/ul><p>Los interesados podr\u00e1n&nbsp;<strong>acceder<\/strong>&nbsp;a sus datos personales, as\u00ed como a solicitar la&nbsp;<strong>rectificaci\u00f3n<\/strong>&nbsp;de los datos inexactos o, en su caso, solicitar su&nbsp;<strong>supresi\u00f3n<\/strong>&nbsp;cuando, entre otros motivos, los datos ya no sean necesarios para los fines que fueron recogidos. En determinadas circunstancias, los interesados podr\u00e1n solicitar la&nbsp;<strong>limitaci\u00f3n<\/strong>&nbsp;del tratamiento de sus datos, en cuyo caso \u00fanicamente los conservaremos para el ejercicio o la defensa de reclamaciones.<\/p><p>En determinadas circunstancias y por motivos relacionados con su situaci\u00f3n particular, los interesados podr\u00e1n&nbsp;<strong>oponerse<\/strong>&nbsp;al tratamiento de sus datos. NAROA dejar\u00e1 de tratar los datos, salvo por motivos leg\u00edtimos imperiosos, o el ejercicio o la defensa de posibles reclamaciones. C\u00f3mo interesado, tienes derecho a recibir los datos personales que te incumban, que nos hayas facilitado y en un formato estructurado, de uso com\u00fan y lectura mec\u00e1nica, y a transmitirlos a otro responsable del tratamiento cuando:<\/p><ul class=\"wp-block-list\"><li>El tratamiento est\u00e9 basado en el consentimiento.<\/li>\n\n<li>Los datos hayan sido facilitados por la persona interesada.<\/li>\n\n<li>El tratamiento se efect\u00fae por medios automatizados.<\/li><\/ul><p>Al ejercer tu derecho a la portabilidad de los datos, tendr\u00e1s derecho a que los datos personales se transmitan directamente de responsable a responsable cuando sea t\u00e9cnicamente posible.<\/p><p>Los interesados tambi\u00e9n tendr\u00e1n derecho a la tutela judicial efectiva y a presentar una reclamaci\u00f3n ante la autoridad de control, en este caso, la Agencia Espa\u00f1ola de Protecci\u00f3n de Datos, si consideran que el tratamiento de datos personales que le conciernen infringe el Reglamento.<\/p><h2 class=\"wp-block-heading\"><strong>\u00bfCon qu\u00e9 finalidad tratamos tus datos personales?<\/strong><\/h2><p>Cuando un usuario se conecta con esta web por ejemplo para comentar un post, mandar un correo, suscribirse o realizar alguna reserva, est\u00e1 facilitando informaci\u00f3n de car\u00e1cter personal de la que es responsable NAROA. Esa informaci\u00f3n puede incluir datos de car\u00e1cter personal como pueden ser tu direcci\u00f3n IP, nombre y apellidos, DNI, direcci\u00f3n postal, direcci\u00f3n de correo electr\u00f3nico, n\u00famero de tel\u00e9fono, y otra informaci\u00f3n. Al facilitar esta informaci\u00f3n, el usuario da su consentimiento para que su informaci\u00f3n sea recopilada, utilizada, gestionada y almacenada por NAROA, s\u00f3lo como se describe en el Aviso Legal y en la presente Pol\u00edtica de Privacidad.<\/p><p>En la web existen diferentes sistemas de captura de informaci\u00f3n personal y tratamos la informaci\u00f3n que nos facilitan las personas interesadas con el siguiente fin por cada sistema de captura (formularios):<\/p><ul class=\"wp-block-list\"><li><strong>Formulario de contacto:<\/strong>&nbsp;Solicitamos los siguientes datos personales: Nombre, Email, para responder a los requerimientos de los usuarios. Por ejemplo, podemos utilizar esos datos para responder a tu solicitud y dar respuesta a las dudas, quejas, comentarios o inquietudes que puedas tener relativas a la informaci\u00f3n incluida en la web, los servicios que se prestan a trav\u00e9s de la web, el tratamiento de sus datos personales, cuestiones referentes a los textos legales incluidos en la web, as\u00ed como cualesquiera otras consultas que puedas tener y que no est\u00e9n sujetas a las condiciones de contrataci\u00f3n.&nbsp;Te informamos que los datos que nos facilitas estar\u00e1n ubicados en los servidores que cumplen con la seguridad inform\u00e1tica.<\/li>\n\n<li><strong>Formulario de suscripci\u00f3n a contenidos:<\/strong>&nbsp;En este caso, solicitamos los siguientes datos personales: Nombre, Email, para gestionar la lista de suscripciones, enviar boletines, promociones y ofertas especiales, facilitados por el usuario al realizar la suscripci\u00f3n. Dentro de la web existen varios formularios para activar la suscripci\u00f3n. Los boletines electr\u00f3nicos o newsletter.&nbsp; Te informamos que los datos que nos facilitas estar\u00e1n ubicados en los servidores que cumplen con la seguridad inform\u00e1tica.<\/li>\n\n<li><strong>Formulario de alta para comentarios del blog:<\/strong>&nbsp;Para comentar las publicaciones del blog se requiere que el usuario se d\u00e9 de alta a trav\u00e9s de este formulario. En este caso, solicitamos los siguientes datos personales: Nombre, Email, Una vez dado de alta, el usuario podr\u00e1 realizar tantos comentarios como desee y dar respuesta sobre los anteriores.&nbsp;Te informamos que los datos que nos facilitas estar\u00e1n ubicados en los servidores que cumplen con la seguridad inform\u00e1tica.<\/li>\n\n<li><strong>Formulario de pedido:<\/strong>&nbsp;Solicitamos los siguientes datos personales: Nombre y apellidos, DNI, direcci\u00f3n postal, Email y tel\u00e9fono de contacto para atender el pedido en la plataforma de pago.&nbsp; Estar\u00e1s registrado para acceder cada vez que lo desees y ver los productos, el carrito, el estado de env\u00edo, etc\u2026<\/li><\/ul><p>Existen otras finalidades por la que tratamos tus datos personales:<\/p><ul class=\"wp-block-list\"><li>Para garantizar el cumplimiento de las condiciones de uso y la ley aplicable. Esto puede incluir el desarrollo de herramientas y algoritmos que ayudan a esta web a garantizar la confidencialidad de los datos personales que recoge.<\/li>\n\n<li>Para apoyar y mejorar los servicios que ofrece esta web.<\/li>\n\n<li>Tambi\u00e9n se recogen otros datos no identificativos que se obtienen mediante algunas cookies que se descargan en el ordenador del usuario cuando navega en esta web que detallamos en la pol\u00edtica de cookies.<\/li>\n\n<li>Para gestionar las redes sociales.&nbsp; El tratamiento de los datos que se lleve a cabo de las personas que se hagan seguidoras en las redes sociales de las p\u00e1ginas oficiales de NAROA, se regir\u00e1 por este apartado. As\u00ed como por aquellas condiciones de uso, pol\u00edticas de privacidad y normativas de acceso que pertenezcan a la red social que proceda en cada caso y aceptadas previamente.&nbsp; Trataremos tus datos con las finalidades de administrar correctamente la presencia en la red social, informando de actividades, productos o servicios. As\u00ed como para cualquier otra finalidad que las normativas de las redes sociales permitan. En ning\u00fan caso utilizaremos los perfiles de seguidores en redes sociales para enviar publicidad de manera individual.<\/li><\/ul><p>NAROA no vende, alquila ni cede datos de car\u00e1cter personal que puedan identificar al usuario, ni lo har\u00e1 en el futuro, a terceros sin el consentimiento previo.<\/p><h2 class=\"wp-block-heading\"><strong>Legitimaci\u00f3n para el tratamiento de tus datos.<\/strong><\/h2><p>La base legal para el tratamiento de sus datos es: el consentimiento.<\/p><p>Para contactar o realizar comentarios en esta web se requiere el consentimiento con esta pol\u00edtica de privacidad.<\/p><p>La oferta prospectiva o comercial de productos y servicios est\u00e1 basada en el consentimiento que se le solicita, sin que en ning\u00fan caso la retirada de este consentimiento condicione la ejecuci\u00f3n del contrato de suscripci\u00f3n.<\/p><h2 class=\"wp-block-heading\"><strong>Categor\u00eda de datos recogidos.<\/strong><\/h2><p>Las categor\u00edas de datos que se tratan son datos identificativos.&nbsp; En ning\u00fan caso se tratan categor\u00edas de datos especialmente protegidos.<\/p><h2 class=\"wp-block-heading\"><strong>\u00bfPor cu\u00e1nto tiempo conservaremos tus datos?<\/strong><\/h2><p>Los datos personales proporcionados se conservar\u00e1n hasta que se solicite su supresi\u00f3n por el interesado.<\/p><h2 class=\"wp-block-heading\"><strong>Secreto y seguridad de los datos.<\/strong><\/h2><p>NAROA se compromete en el uso y tratamiento de los datos incluidos personales de los usuarios, respetando su confidencialidad y a utilizarlos de acuerdo con la finalidad del mismo, as\u00ed como a dar cumplimiento a su obligaci\u00f3n de guardarlos y adaptar todas las medidas para evitar la alteraci\u00f3n, p\u00e9rdida, tratamiento o acceso no autorizado, de conformidad con lo establecido en la normativa vigente de protecci\u00f3n de datos.<\/p><p>NAROA no puede garantizar la absoluta inexpugnabilidad de la red Internet y por tanto la violaci\u00f3n de los datos mediante accesos fraudulentos a ellos por parte de terceros.<\/p><p>Con respecto a la confidencialidad del procesamiento, nos aseguraremos de que cualquier persona que est\u00e9 autorizada para procesar los datos del cliente (incluido su personal, colaboradores y prestadores), estar\u00e1 bajo la obligaci\u00f3n apropiada de confidencialidad (ya sea un deber contractual o legal).<\/p><p>Cuando se presente alg\u00fan incidente de seguridad, al darse cuenta notificaremos al cliente sin demoras indebidas y deber\u00e1 proporcionar informaci\u00f3n oportuna relacionada con el Incidente de Seguridad tal como se conozca o cuando el Cliente lo solicite razonablemente.<\/p><h2 class=\"wp-block-heading\"><strong>Exactitud y veracidad de los datos.<\/strong><\/h2><p>Como usuario, eres el \u00fanico responsable de la veracidad y correcci\u00f3n de los datos que nos remitas quedando NAROA libre de cualquier responsabilidad al respecto.<\/p><p>Los usuarios garantizan y responden, en cualquier caso, de la exactitud, vigencia y autenticidad de los datos personales facilitados, y se comprometen a mantenerlos debidamente actualizados. El usuario acepta proporcionar informaci\u00f3n completa y correcta en el formulario de contacto o suscripci\u00f3n.<\/p><h2 class=\"wp-block-heading\"><strong>Aceptaci\u00f3n y consentimiento.<\/strong><\/h2><p>El usuario declara haber sido informado de las condiciones sobre protecci\u00f3n de datos de car\u00e1cter personal, aceptando y consintiendo el tratamiento de los mismos por parte de NAROA en la forma y para las finalidades indicadas en esta pol\u00edtica de privacidad.<\/p><h2 class=\"wp-block-heading\"><strong>Revocabilidad.<\/strong><\/h2><p>El consentimiento prestado, tanto para el tratamiento como para la cesi\u00f3n de los datos de los interesados, es revocable en cualquier momento comunic\u00e1ndolo a NAROA en los t\u00e9rminos establecidos en esta Pol\u00edtica para el ejercicio de los derechos ARCO. Esta revocaci\u00f3n en ning\u00fan caso tendr\u00e1 car\u00e1cter retroactivo.<\/p><h2 class=\"wp-block-heading\"><strong>Cambios en la pol\u00edtica de privacidad.<\/strong><\/h2><p>Nos reservamos el derecho a modificar la presente pol\u00edtica para adaptarla a novedades legislativas o jurisprudenciales, as\u00ed como a pr\u00e1cticas de la industria. En dichos supuestos, anunciaremos en esta p\u00e1gina los cambios introducidos con razonable antelaci\u00f3n a su puesta en pr\u00e1ctica.<\/p><h2 class=\"wp-block-heading\"><strong>Correos comerciales.<\/strong><\/h2><p>De acuerdo con la LSSICE, no realizaremos pr\u00e1cticas de SPAM, por lo que no enviaremos correos comerciales por v\u00eda electr\u00f3nica que no hayan sido previamente solicitados o autorizados por el usuario. En consecuencia, en cada uno de los formularios habidos en la web, el usuario tiene la posibilidad de dar su consentimiento expreso para recibir el bolet\u00edn, con independencia de la informaci\u00f3n comercial puntualmente solicitada.<\/p><p>Conforme a lo dispuesto en la Ley 34\/2002 de Servicios de la Sociedad de la Informaci\u00f3n y de comercio electr\u00f3nico, NAROA se compromete a no enviar comunicaciones de car\u00e1cter comercial sin identificarlas debidamente.<\/p>","protected":false},"excerpt":{"rendered":"<p>Recomendaci\u00f3n previa. Te damos la bienvenida a la web y te recomendamos que leas esta Pol\u00edtica de Privacidad. Aqu\u00ed describimos la manera en la que ROMAR\u00cdS ANTELO, NATALIA, S.L. (en adelante NAROA) recaba y utiliza la informaci\u00f3n de clientes, usuarios y suscriptores de esta web. En esta web se respetan y cuidan los datos personales&hellip;&nbsp;<a href=\"https:\/\/naroanoia.es\/index.php\/politica-privacidad\/\" rel=\"bookmark\">Leer m\u00e1s &raquo;<span class=\"screen-reader-text\">Pol\u00edtica de privacidad de datos<\/span><\/a><\/p>\n","protected":false},"author":1,"featured_media":0,"parent":0,"menu_order":0,"comment_status":"closed","ping_status":"closed","template":"","meta":{"neve_meta_sidebar":"","neve_meta_container":"","neve_meta_enable_content_width":"","neve_meta_content_width":0,"neve_meta_title_alignment":"","neve_meta_author_avatar":"","neve_post_elements_order":"","neve_meta_disable_header":"","neve_meta_disable_footer":"","neve_meta_disable_title":"","_themeisle_gutenberg_block_has_review":false,"_joinchat":[],"footnotes":""},"class_list":["post-397","page","type-page","status-publish","hentry"],"aioseo_notices":[],"jetpack_sharing_enabled":true,"_links":{"self":[{"href":"https:\/\/naroanoia.es\/index.php\/wp-json\/wp\/v2\/pages\/397","targetHints":{"allow":["GET"]}}],"collection":[{"href":"https:\/\/naroanoia.es\/index.php\/wp-json\/wp\/v2\/pages"}],"about":[{"href":"https:\/\/naroanoia.es\/index.php\/wp-json\/wp\/v2\/types\/page"}],"author":[{"embeddable":true,"href":"https:\/\/naroanoia.es\/index.php\/wp-json\/wp\/v2\/users\/1"}],"replies":[{"embeddable":true,"href":"https:\/\/naroanoia.es\/index.php\/wp-json\/wp\/v2\/comments?post=397"}],"version-history":[{"count":2,"href":"https:\/\/naroanoia.es\/index.php\/wp-json\/wp\/v2\/pages\/397\/revisions"}],"predecessor-version":[{"id":399,"href":"https:\/\/naroanoia.es\/index.php\/wp-json\/wp\/v2\/pages\/397\/revisions\/399"}],"wp:attachment":[{"href":"https:\/\/naroanoia.es\/index.php\/wp-json\/wp\/v2\/media?parent=397"}],"curies":[{"name":"wp","href":"https:\/\/api.w.org\/{rel}","templated":true}]}}