{"id":330,"date":"2023-05-11T11:29:02","date_gmt":"2023-05-11T11:29:02","guid":{"rendered":"https:\/\/naroanoia.es\/?page_id=330"},"modified":"2023-06-09T16:30:47","modified_gmt":"2023-06-09T16:30:47","slug":"peluqueria","status":"publish","type":"page","link":"https:\/\/naroanoia.es\/index.php\/peluqueria\/","title":{"rendered":"Peluquer\u00eda"},"content":{"rendered":"<div id=\"wp-block-themeisle-blocks-advanced-columns-4e0d671d\" class=\"wp-block-themeisle-blocks-advanced-columns alignfull has-1-columns has-desktop-equal-layout has-tablet-equal-layout has-mobile-equal-layout has-vertical-center\"><div class=\"wp-block-themeisle-blocks-advanced-columns-overlay\"><\/div><div class=\"innerblocks-wrap\"><div id=\"wp-block-themeisle-blocks-advanced-column-d4d96d4a\" class=\"wp-block-themeisle-blocks-advanced-column\"><h1 id=\"wp-block-themeisle-blocks-advanced-heading-6297c131\" class=\"wp-block-themeisle-blocks-advanced-heading wp-block-themeisle-blocks-advanced-heading-6297c131\">Peluquer\u00eda<\/h1><\/div><\/div><\/div><div id=\"wp-block-themeisle-blocks-advanced-columns-1afa0976\" class=\"wp-block-themeisle-blocks-advanced-columns alignfull has-2-columns has-desktop-equal-layout has-tablet-equal-layout has-mobile-collapsedRows-layout has-vertical-center sm-separator\"><div class=\"wp-block-themeisle-blocks-advanced-columns-overlay\"><\/div><div class=\"innerblocks-wrap\"><div id=\"wp-block-themeisle-blocks-advanced-column-4efd4381\" class=\"wp-block-themeisle-blocks-advanced-column\"><figure class=\"wp-block-image size-full\"><img loading=\"lazy\" decoding=\"async\" width=\"600\" height=\"600\" src=\"https:\/\/naroanoia.es\/wp-content\/uploads\/2023\/05\/peluqueria-servicios-basicos-1.jpg\" alt=\"\" class=\"wp-image-336\" srcset=\"https:\/\/naroanoia.es\/wp-content\/uploads\/2023\/05\/peluqueria-servicios-basicos-1.jpg 600w, https:\/\/naroanoia.es\/wp-content\/uploads\/2023\/05\/peluqueria-servicios-basicos-1-300x300.jpg 300w, https:\/\/naroanoia.es\/wp-content\/uploads\/2023\/05\/peluqueria-servicios-basicos-1-100x100.jpg 100w, https:\/\/naroanoia.es\/wp-content\/uploads\/2023\/05\/peluqueria-servicios-basicos-1-150x150.jpg 150w\" sizes=\"auto, (max-width: 600px) 100vw, 600px\" \/><\/figure><\/div>\n\n<div id=\"wp-block-themeisle-blocks-advanced-column-6c2514ca\" class=\"wp-block-themeisle-blocks-advanced-column\"><h2 id=\"wp-block-themeisle-blocks-advanced-heading-b120844a\" class=\"wp-block-themeisle-blocks-advanced-heading wp-block-themeisle-blocks-advanced-heading-b120844a\">Servicios B\u00e1sicos<\/h2>\n\n<hr class=\"wp-block-separator has-text-color has-text-color-color has-css-opacity has-text-color-background-color has-background is-style-wide\"\/>\n\n<ul class=\"wp-block-list\"><li>Corte caballero.<\/li>\n\n<li>Corte se\u00f1ora.<\/li>\n\n<li>Cortes de ni\u00f1o.<\/li><\/ul><\/div><\/div><\/div><div id=\"wp-block-themeisle-blocks-advanced-columns-e8b1c35d\" class=\"wp-block-themeisle-blocks-advanced-columns alignfull has-2-columns has-desktop-equal-layout has-tablet-equal-layout has-mobile-collapsedRows-layout has-reverse-columns-mobile has-vertical-center sm-separator\"><div class=\"wp-block-themeisle-blocks-advanced-columns-overlay\"><\/div><div class=\"innerblocks-wrap\"><div id=\"wp-block-themeisle-blocks-advanced-column-5147b441\" class=\"wp-block-themeisle-blocks-advanced-column\"><h2 class=\"wp-block-heading wp-block-themeisle-blocks-advanced-heading wp-block-themeisle-blocks-advanced-heading-9d4551cf\" id=\"wp-block-themeisle-blocks-advanced-heading-9d4551cf\">Tratamientos Cuero Cabelludo<\/h2>\n\n<hr class=\"wp-block-separator has-text-color has-text-color-color has-css-opacity has-text-color-background-color has-background is-style-wide\"\/>\n\n<ul class=\"wp-block-list\"><li><strong>Purificante<\/strong>: Impureza, caspa y descamaci\u00f3n.<\/li>\n\n<li><strong>Calmante<\/strong>: Control de cuero cabelludo sensible, deshidrataci\u00f3n e hiperhidrosis.<\/li>\n\n<li><strong>Equilibrante<\/strong>: Eliminaci\u00f3n y control del exceso de grasa.<\/li>\n\n<li><strong>Antica\u00edda<\/strong>: Previene y trata la ca\u00edda, as\u00ed como regenera el cuero cabelludo.<\/li><\/ul><\/div>\n\n<div id=\"wp-block-themeisle-blocks-advanced-column-860f87fb\" class=\"wp-block-themeisle-blocks-advanced-column\"><figure class=\"wp-block-image size-full\"><img loading=\"lazy\" decoding=\"async\" width=\"600\" height=\"600\" src=\"https:\/\/naroanoia.es\/wp-content\/uploads\/2023\/05\/peluqueria-servicios-basicos-2.jpg\" alt=\"\" class=\"wp-image-338\" srcset=\"https:\/\/naroanoia.es\/wp-content\/uploads\/2023\/05\/peluqueria-servicios-basicos-2.jpg 600w, https:\/\/naroanoia.es\/wp-content\/uploads\/2023\/05\/peluqueria-servicios-basicos-2-300x300.jpg 300w, https:\/\/naroanoia.es\/wp-content\/uploads\/2023\/05\/peluqueria-servicios-basicos-2-100x100.jpg 100w, https:\/\/naroanoia.es\/wp-content\/uploads\/2023\/05\/peluqueria-servicios-basicos-2-150x150.jpg 150w\" sizes=\"auto, (max-width: 600px) 100vw, 600px\" \/><\/figure><\/div><\/div><\/div><div id=\"wp-block-themeisle-blocks-advanced-columns-044a7c9a\" class=\"wp-block-themeisle-blocks-advanced-columns alignfull has-2-columns has-desktop-equal-layout has-tablet-equal-layout has-mobile-collapsedRows-layout has-vertical-center sm-separator\"><div class=\"wp-block-themeisle-blocks-advanced-columns-overlay\"><\/div><div class=\"innerblocks-wrap\"><div id=\"wp-block-themeisle-blocks-advanced-column-0f3cb8d7\" class=\"wp-block-themeisle-blocks-advanced-column\"><figure class=\"wp-block-image size-full\"><img loading=\"lazy\" decoding=\"async\" width=\"600\" height=\"600\" src=\"https:\/\/naroanoia.es\/wp-content\/uploads\/2023\/05\/peluqueria-servicios-3.jpg\" alt=\"\" class=\"wp-image-339\" srcset=\"https:\/\/naroanoia.es\/wp-content\/uploads\/2023\/05\/peluqueria-servicios-3.jpg 600w, https:\/\/naroanoia.es\/wp-content\/uploads\/2023\/05\/peluqueria-servicios-3-300x300.jpg 300w, https:\/\/naroanoia.es\/wp-content\/uploads\/2023\/05\/peluqueria-servicios-3-100x100.jpg 100w, https:\/\/naroanoia.es\/wp-content\/uploads\/2023\/05\/peluqueria-servicios-3-150x150.jpg 150w\" sizes=\"auto, (max-width: 600px) 100vw, 600px\" \/><\/figure><\/div>\n\n<div id=\"wp-block-themeisle-blocks-advanced-column-e9448711\" class=\"wp-block-themeisle-blocks-advanced-column\"><h2 id=\"wp-block-themeisle-blocks-advanced-heading-bfc4b948\" class=\"wp-block-themeisle-blocks-advanced-heading wp-block-themeisle-blocks-advanced-heading-bfc4b948\">Tratamientos Espec\u00edficos Cabello<\/h2>\n\n<hr class=\"wp-block-separator has-text-color has-text-color-color has-css-opacity has-text-color-background-color has-background is-style-wide\"\/>\n\n<ul class=\"wp-block-list\"><li><strong>Nutrici\u00f3n<\/strong>: Nutre de forma intensa los cabellos deshidratados.<\/li>\n\n<li><strong>Disciplinante<\/strong>: Indicado para cabellos rebeldes, controlando el encrespamiento y facilitando el peinado (dura hasta 10 lavados).<\/li>\n\n<li><strong>Reconstructor con prote\u00ednas<\/strong>: Indicado en cabellos fr\u00e1giles y muy da\u00f1ados (puntas abiertas y ruptura).<\/li>\n\n<li><strong>Antiencrespamiento<\/strong>: Elimina el encrespamiento al 100% aportando brillo, nutrici\u00f3n (dura aproximadamente 3 meses).<\/li>\n\n<li><strong>Keratina<\/strong>: Alisado org\u00e1nico con capacidad de poder conseguir unos resultados excelentes, alisando el cabello y sin modificar la estructura natural.<\/li><\/ul><\/div><\/div><\/div><div id=\"wp-block-themeisle-blocks-advanced-columns-bd348f93\" class=\"wp-block-themeisle-blocks-advanced-columns alignfull has-2-columns has-desktop-equal-layout has-tablet-equal-layout has-mobile-collapsedRows-layout has-reverse-columns-mobile has-vertical-center sm-separator\"><div class=\"wp-block-themeisle-blocks-advanced-columns-overlay\"><\/div><div class=\"innerblocks-wrap\"><div id=\"wp-block-themeisle-blocks-advanced-column-cae8d2a5\" class=\"wp-block-themeisle-blocks-advanced-column\"><h2 id=\"wp-block-themeisle-blocks-advanced-heading-b9ebb965\" class=\"wp-block-themeisle-blocks-advanced-heading wp-block-themeisle-blocks-advanced-heading-b9ebb965\">Coloraci\u00f3n<\/h2>\n\n<hr class=\"wp-block-separator has-text-color has-text-color-color has-css-opacity has-text-color-background-color has-background is-style-wide\"\/>\n\n<ul class=\"wp-block-list\"><li><strong>Fantas\u00eda<\/strong>: Colores extremos para los m\u00e1s atrevidos con larga duraci\u00f3n.<\/li>\n\n<li><strong>Vegetal 100%<\/strong>: Coloraci\u00f3n completamente natural conocida tambi\u00e9n como barros, coloraciones naturales a base de plantas e hidrolatos.<\/li>\n\n<li><strong>Org\u00e1nica<\/strong>: Coloraci\u00f3n libre de amon\u00edaco y ppd formulado con base de yogur y con hasta un 70% de ingredientes de origen natural.<\/li><\/ul><\/div>\n\n<div id=\"wp-block-themeisle-blocks-advanced-column-ff67027b\" class=\"wp-block-themeisle-blocks-advanced-column\"><figure class=\"wp-block-image size-full\"><img loading=\"lazy\" decoding=\"async\" width=\"600\" height=\"600\" src=\"https:\/\/naroanoia.es\/wp-content\/uploads\/2023\/05\/peluqueria-coloracion-1.jpg\" alt=\"\" class=\"wp-image-340\" srcset=\"https:\/\/naroanoia.es\/wp-content\/uploads\/2023\/05\/peluqueria-coloracion-1.jpg 600w, https:\/\/naroanoia.es\/wp-content\/uploads\/2023\/05\/peluqueria-coloracion-1-300x300.jpg 300w, https:\/\/naroanoia.es\/wp-content\/uploads\/2023\/05\/peluqueria-coloracion-1-100x100.jpg 100w, https:\/\/naroanoia.es\/wp-content\/uploads\/2023\/05\/peluqueria-coloracion-1-150x150.jpg 150w\" sizes=\"auto, (max-width: 600px) 100vw, 600px\" \/><\/figure><\/div><\/div><\/div><div id=\"wp-block-themeisle-blocks-advanced-columns-efb6e62d\" class=\"wp-block-themeisle-blocks-advanced-columns alignfull has-2-columns has-desktop-equal-layout has-tablet-equal-layout has-mobile-collapsedRows-layout has-vertical-center sm-separator\"><div class=\"wp-block-themeisle-blocks-advanced-columns-overlay\"><\/div><div class=\"innerblocks-wrap\"><div id=\"wp-block-themeisle-blocks-advanced-column-064279f0\" class=\"wp-block-themeisle-blocks-advanced-column\"><figure class=\"wp-block-image size-full\"><img loading=\"lazy\" decoding=\"async\" width=\"600\" height=\"600\" src=\"https:\/\/naroanoia.es\/wp-content\/uploads\/2023\/05\/peluqueria-coloracion-3.jpg\" alt=\"\" class=\"wp-image-342\" srcset=\"https:\/\/naroanoia.es\/wp-content\/uploads\/2023\/05\/peluqueria-coloracion-3.jpg 600w, https:\/\/naroanoia.es\/wp-content\/uploads\/2023\/05\/peluqueria-coloracion-3-300x300.jpg 300w, https:\/\/naroanoia.es\/wp-content\/uploads\/2023\/05\/peluqueria-coloracion-3-100x100.jpg 100w, https:\/\/naroanoia.es\/wp-content\/uploads\/2023\/05\/peluqueria-coloracion-3-150x150.jpg 150w\" sizes=\"auto, (max-width: 600px) 100vw, 600px\" \/><\/figure><\/div>\n\n<div id=\"wp-block-themeisle-blocks-advanced-column-a66f09d5\" class=\"wp-block-themeisle-blocks-advanced-column\"><h2 id=\"wp-block-themeisle-blocks-advanced-heading-0c167ab9\" class=\"wp-block-themeisle-blocks-advanced-heading wp-block-themeisle-blocks-advanced-heading-0c167ab9\">Coloraci\u00f3n<\/h2>\n\n<hr class=\"wp-block-separator has-text-color has-text-color-color has-css-opacity has-text-color-background-color has-background is-style-wide\"\/>\n\n<ul class=\"wp-block-list\"><li><strong>Coloraci\u00f3n fantas\u00eda temporal<\/strong>: Tonalizadores en colores vivos y tonos pastel son especiales para cambios de look temporales.<\/li>\n\n<li><strong>Cobertura natural<\/strong>: Especial para las primeras canas, consiguiendo un efecto super natural.<\/li>\n\n<li><strong>Color Gloss<\/strong>: Aporta brillo a las melenas desvitalizadas.<\/li>\n\n<li><strong>Color Velvet<\/strong>: Reaviva las zonas con p\u00e9rdida de color, aportando brillo y tratamiento a la melena.<\/li><\/ul><\/div><\/div><\/div><div id=\"wp-block-themeisle-blocks-advanced-columns-c4e5ebad\" class=\"wp-block-themeisle-blocks-advanced-columns alignfull has-2-columns has-desktop-equal-layout has-tablet-equal-layout has-mobile-collapsedRows-layout has-reverse-columns-mobile has-vertical-center sm-separator\"><div class=\"wp-block-themeisle-blocks-advanced-columns-overlay\"><\/div><div class=\"innerblocks-wrap\"><div id=\"wp-block-themeisle-blocks-advanced-column-b945189f\" class=\"wp-block-themeisle-blocks-advanced-column\"><h2 id=\"wp-block-themeisle-blocks-advanced-heading-90ab87f8\" class=\"wp-block-themeisle-blocks-advanced-heading wp-block-themeisle-blocks-advanced-heading-90ab87f8\">Mechas<\/h2>\n\n<hr class=\"wp-block-separator has-text-color has-text-color-color has-css-opacity has-text-color-background-color has-background is-style-wide\"\/>\n\n<ul class=\"wp-block-list\"><li><strong>Balayage<\/strong>: Aclarado progresivo en las melenas, creando melenas naturales desde los aclarados m\u00e1s sutiles a los m\u00e1s extremos.<\/li>\n\n<li><strong>Total Platinium<\/strong>: Cabello totalmente aclarado.<\/li>\n\n<li><strong>Babylight<\/strong>: Como su nombre indica, es la creaci\u00f3n de aclarados en el cabello aportando efectos muy naturales.<\/li>\n\n<li><strong>Sunshine<\/strong>: Reflejos suaves, muy sutiles que aportan luz.<\/li>\n\n<li><strong>Super Lights<\/strong>: Conseguimos resaltar los tonos, realizando contrastes dando as\u00ed un aspecto personalizado a tu melena.<\/li>\n\n<li><strong>Lights Face<\/strong>:  T\u00e9cnica de aclarado que empleamos para iluminar a nuestro rostro.<\/li><\/ul><\/div>\n\n<div id=\"wp-block-themeisle-blocks-advanced-column-07ad7f0c\" class=\"wp-block-themeisle-blocks-advanced-column\"><figure class=\"wp-block-image size-full\"><img loading=\"lazy\" decoding=\"async\" width=\"600\" height=\"600\" src=\"https:\/\/naroanoia.es\/wp-content\/uploads\/2023\/05\/peluqueria-mechas.jpg\" alt=\"\" class=\"wp-image-343\" srcset=\"https:\/\/naroanoia.es\/wp-content\/uploads\/2023\/05\/peluqueria-mechas.jpg 600w, https:\/\/naroanoia.es\/wp-content\/uploads\/2023\/05\/peluqueria-mechas-300x300.jpg 300w, https:\/\/naroanoia.es\/wp-content\/uploads\/2023\/05\/peluqueria-mechas-100x100.jpg 100w, https:\/\/naroanoia.es\/wp-content\/uploads\/2023\/05\/peluqueria-mechas-150x150.jpg 150w\" sizes=\"auto, (max-width: 600px) 100vw, 600px\" \/><\/figure><\/div><\/div><\/div><div id=\"wp-block-themeisle-blocks-advanced-columns-896eb8ef\" class=\"wp-block-themeisle-blocks-advanced-columns alignfull has-2-columns has-desktop-equal-layout has-tablet-equal-layout has-mobile-collapsedRows-layout has-vertical-center sm-separator\"><div class=\"wp-block-themeisle-blocks-advanced-columns-overlay\"><\/div><div class=\"innerblocks-wrap\"><div id=\"wp-block-themeisle-blocks-advanced-column-4c573c80\" class=\"wp-block-themeisle-blocks-advanced-column\"><figure class=\"wp-block-image size-full\"><img loading=\"lazy\" decoding=\"async\" width=\"600\" height=\"600\" src=\"https:\/\/naroanoia.es\/wp-content\/uploads\/2023\/05\/peluqueria-mechas-1.jpg\" alt=\"\" class=\"wp-image-344\" srcset=\"https:\/\/naroanoia.es\/wp-content\/uploads\/2023\/05\/peluqueria-mechas-1.jpg 600w, https:\/\/naroanoia.es\/wp-content\/uploads\/2023\/05\/peluqueria-mechas-1-300x300.jpg 300w, https:\/\/naroanoia.es\/wp-content\/uploads\/2023\/05\/peluqueria-mechas-1-100x100.jpg 100w, https:\/\/naroanoia.es\/wp-content\/uploads\/2023\/05\/peluqueria-mechas-1-150x150.jpg 150w\" sizes=\"auto, (max-width: 600px) 100vw, 600px\" \/><\/figure><\/div>\n\n<div id=\"wp-block-themeisle-blocks-advanced-column-d6e4a911\" class=\"wp-block-themeisle-blocks-advanced-column\"><h2 id=\"wp-block-themeisle-blocks-advanced-heading-71f9f989\" class=\"wp-block-themeisle-blocks-advanced-heading wp-block-themeisle-blocks-advanced-heading-71f9f989\">Eventos Especiales<\/h2>\n\n<hr class=\"wp-block-separator has-text-color has-text-color-color has-css-opacity has-text-color-background-color has-background is-style-wide\"\/>\n\n<ul class=\"wp-block-list\"><li><strong>Bodas y comuniones<\/strong>: Disponemos de servicios especiales para tus eventos m\u00e1s importantes, teniendo la opci\u00f3n de personalizar al m\u00e1ximo tus preferencias y gustos.<\/li><\/ul>\n\n<div style=\"height:30px\" aria-hidden=\"true\" class=\"wp-block-spacer\"><\/div>\n\n<div class=\"wp-block-buttons is-layout-flex wp-block-buttons-is-layout-flex\"><div class=\"wp-block-button\"><a class=\"wp-block-button__link wp-element-button\">SOLICITAR INFORMACI\u00d3N<\/a><\/div><\/div><\/div><\/div><\/div><section id=\"wp-block-themeisle-blocks-advanced-columns-ee198567\" class=\"wp-block-themeisle-blocks-advanced-columns alignfull has-1-columns has-desktop-equal-layout has-tablet-equal-layout has-mobile-equal-layout has-vertical-flex-start has-dark-bg\"><div class=\"wp-block-themeisle-blocks-advanced-columns-overlay\"><\/div><div class=\"innerblocks-wrap\"><div id=\"wp-block-themeisle-blocks-advanced-column-9e0840af\" class=\"wp-block-themeisle-blocks-advanced-column\"><section id=\"wp-block-themeisle-blocks-advanced-columns-07718635\" class=\"wp-block-themeisle-blocks-advanced-columns has-1-columns has-desktop-equal-layout has-tablet-equal-layout has-mobile-equal-layout has-vertical-flex-start\"><div class=\"wp-block-themeisle-blocks-advanced-columns-overlay\"><\/div><div class=\"innerblocks-wrap\"><div id=\"wp-block-themeisle-blocks-advanced-column-e251e6c0\" class=\"wp-block-themeisle-blocks-advanced-column\"><p class=\"has-text-align-center has-white-color has-text-color\">NAROA, BELLEZA Y EST\u00c9TICA<\/p>\n\n<div class=\"wp-block-columns is-layout-flex wp-container-core-columns-is-layout-9d6595d7 wp-block-columns-is-layout-flex\"><div class=\"wp-block-column is-layout-flow wp-block-column-is-layout-flow\" style=\"flex-basis:100%\"><div id=\"wp-block-themeisle-blocks-font-awesome-icons-88da05ce\" class=\"wp-block-themeisle-blocks-font-awesome-icons\"><span class=\"wp-block-themeisle-blocks-font-awesome-icons-container nan-padding\"><i class=\"fas fa-gift\"><\/i><\/span><\/div><\/div><\/div>\n\n<h2 class=\"wp-block-heading has-text-align-center\">TARJETA REGALO<\/h2>\n\n<h3 class=\"wp-block-heading has-text-align-center has-white-color has-text-color\">\u00bfQUIERES SORPRENDER A UNA PERSONA ESPECIAL?<\/h3>\n\n<p class=\"has-text-align-center has-white-color has-text-color\">Te ofrecemos la posibilidad de regalar una tarjeta personalizada, en el que podr\u00e1 disfrutar de los servicios de nuestro sal\u00f3n adapt\u00e1ndolo a lo que m\u00e1s le guste.<\/p>\n\n<div class=\"wp-block-buttons is-content-justification-center is-layout-flex wp-container-core-buttons-is-layout-16018d1d wp-block-buttons-is-layout-flex\"><div class=\"wp-block-button\"><a class=\"wp-block-button__link wp-element-button\" href=\"https:\/\/naroanoia.es\/index.php\/contacto\/\">SOLICITAR M\u00c1S INFORMACI\u00d3N<\/a><\/div><\/div><\/div><\/div><\/section><\/div><\/div><\/section><div id=\"wp-block-themeisle-blocks-advanced-columns-d5bbe158\" class=\"wp-block-themeisle-blocks-advanced-columns has-1-columns has-desktop-equal-layout has-tablet-equal-layout has-mobile-equal-layout has-vertical-unset\"><div class=\"wp-block-themeisle-blocks-advanced-columns-overlay\"><\/div><div class=\"innerblocks-wrap\"><div id=\"wp-block-themeisle-blocks-advanced-column-3539a81d\" class=\"wp-block-themeisle-blocks-advanced-column\"><h2 id=\"wp-block-themeisle-blocks-advanced-heading-8c53aa2d\" class=\"wp-block-themeisle-blocks-advanced-heading wp-block-themeisle-blocks-advanced-heading-8c53aa2d\">INFORMACI\u00d3N PARA EVENTOS<\/h2>\n\n<div id=\"wp-block-themeisle-blocks-accordion-2971be0d\" class=\"wp-block-themeisle-blocks-accordion exclusive\"><details class=\"wp-block-themeisle-blocks-accordion-item\"><summary class=\"wp-block-themeisle-blocks-accordion-item__title\"><div>En d\u00edas festivos\/no laborables&#8230;<\/div><\/summary><div class=\"wp-block-themeisle-blocks-accordion-item__content\"><p>Para tus eventos importantes en d\u00edas festivos\/no laborables podemos facilitar, en la medida de lo posible, nuestros servicios con un incremento de 50% aplicado sobre la tarifa normal.<\/p><\/div><\/details><\/div><\/div><\/div><\/div>","protected":false},"excerpt":{"rendered":"","protected":false},"author":1,"featured_media":0,"parent":0,"menu_order":0,"comment_status":"closed","ping_status":"closed","template":"page-templates\/template-pagebuilder-full-width.php","meta":{"neve_meta_sidebar":"","neve_meta_container":"","neve_meta_enable_content_width":"on","neve_meta_content_width":100,"neve_meta_title_alignment":"","neve_meta_author_avatar":"","neve_post_elements_order":"","neve_meta_disable_header":"","neve_meta_disable_footer":"","neve_meta_disable_title":"on","_themeisle_gutenberg_block_has_review":false,"_joinchat":[],"footnotes":""},"class_list":["post-330","page","type-page","status-publish","hentry"],"aioseo_notices":[],"jetpack_sharing_enabled":true,"_links":{"self":[{"href":"https:\/\/naroanoia.es\/index.php\/wp-json\/wp\/v2\/pages\/330","targetHints":{"allow":["GET"]}}],"collection":[{"href":"https:\/\/naroanoia.es\/index.php\/wp-json\/wp\/v2\/pages"}],"about":[{"href":"https:\/\/naroanoia.es\/index.php\/wp-json\/wp\/v2\/types\/page"}],"author":[{"embeddable":true,"href":"https:\/\/naroanoia.es\/index.php\/wp-json\/wp\/v2\/users\/1"}],"replies":[{"embeddable":true,"href":"https:\/\/naroanoia.es\/index.php\/wp-json\/wp\/v2\/comments?post=330"}],"version-history":[{"count":8,"href":"https:\/\/naroanoia.es\/index.php\/wp-json\/wp\/v2\/pages\/330\/revisions"}],"predecessor-version":[{"id":627,"href":"https:\/\/naroanoia.es\/index.php\/wp-json\/wp\/v2\/pages\/330\/revisions\/627"}],"wp:attachment":[{"href":"https:\/\/naroanoia.es\/index.php\/wp-json\/wp\/v2\/media?parent=330"}],"curies":[{"name":"wp","href":"https:\/\/api.w.org\/{rel}","templated":true}]}}