{"id":195,"date":"2020-02-19T14:11:53","date_gmt":"2020-02-19T14:11:53","guid":{"rendered":"https:\/\/demosites.io\/fitness-gb\/?page_id=195"},"modified":"2023-05-24T09:55:27","modified_gmt":"2023-05-24T09:55:27","slug":"aviso-legal","status":"publish","type":"page","link":"https:\/\/naroanoia.es\/index.php\/aviso-legal\/","title":{"rendered":"Aviso legal"},"content":{"rendered":"<h2 class=\"wp-block-heading\"><strong>Condiciones de uso Objeto y aceptaci\u00f3n<\/strong><\/h2><p>Estas condiciones generales que regulan el uso del servicio de portal de Internet www.naroanoia.es (en adelante, el \u00abPortal\u00bb).&nbsp;<\/p><p>La utilizaci\u00f3n del Portal atribuye la condici\u00f3n de usuario del Portal (en adelante, el \u00abUsuario\u00bb) y expresa la adhesi\u00f3n plena y sin reservas del Usuario a todas y cada una de las Condiciones Generales en la versi\u00f3n publicada por www.naroanoia.es en el momento mismo en que el Usuario acceda al Portal. En consecuencia, el Usuario debe leer atentamente la Pol\u00edtica de Privacidad en cada una de las ocasiones en que se proponga utilizar el Portal.&nbsp;<\/p><p>El acceso a y\/o la utilizaci\u00f3n de ciertos servicios y contenidos ofrecidos a los Usuarios en y\/o a trav\u00e9s del Portal se encuentra sometida a ciertas condiciones particulares propias que, seg\u00fan los casos, sustituyen, completan y\/o modifican las Pol\u00edtica de Privacidad (en adelante, las \u00abCondiciones Particulares\u00bb). Con anterioridad al acceso y\/o la utilizaci\u00f3n de dichos servicios y contenidos, por tanto, el Usuario ha de leer atentamente tambi\u00e9n las correspondientes Condiciones Particulares. El acceso a y\/o la utilizaci\u00f3n de dichos servicios y contenidos expresa la entera e incondicional aceptaci\u00f3n de las Condiciones Particulares en la versi\u00f3n publicada por www.naroanoia.es en el momento en que se produzca dicho acceso y\/o utilizaci\u00f3n. www.naroanoia.es se reserva el derecho de modificar o eliminar en cualquier momento y sin aviso previo la presentaci\u00f3n del portal, las condiciones de su utilizaci\u00f3n, los servicios ofrecidos y las condiciones para acceder y\/o utilizar esos servicios.<\/p><h2 class=\"wp-block-heading\"><strong>Condiciones de acceso y Utilizaci\u00f3n del portal<\/strong><\/h2><p>El Usuario se compromete a utilizar el Portal y los Servicios de manera conforme con la ley, con lo dispuesto en Pol\u00edtica de Privacidad, la moral y buenas costumbres generalmente aceptadas y el orden p\u00fablico, y se obliga a abstenerse de utilizar el Portal y los Servicios con fines o efectos il\u00edcitos, contrarios a lo establecido en las presentes Pol\u00edtica de Privacidad, lesivos de los derechos e intereses de terceros, o que de cualquier forma puedan da\u00f1ar, inutilizar, sobrecargar o deteriorar el Portal y los Servicios o impedir la normal utilizaci\u00f3n o disfrute del Portal y de los Servicios por parte de los Usuarios. El Usuario se abstendr\u00e1 de modificar, copiar, distribuir, transmitir, divulgar, utilizar, reproducir, publicar, licenciar, ceder, vender ni crear trabajos derivados a partir de la informaci\u00f3n recibida del portal.&nbsp;<\/p><p>El Usuario reconoce y acepta que www.naroanoia.es podr\u00e1 en cualquier momento y sin notificaci\u00f3n previa y a su plena discreci\u00f3n, negar el acceso al Usuario al portal, cuando www.naroanoia.es considere que el Usuario ha incurrido en alg\u00fan incumplimiento a algunas de sus obligaciones incluidas en el Convenio; el Usuario no tendr\u00e1 derecho a reclamarle a www.naroanoia.es indemnizaci\u00f3n alguna que tal rescisi\u00f3n le hubiera causado. www.naroanoia.es en cualquier momento con o sin notificaci\u00f3n previa alguna, podr\u00e1 modificar todos o parte de los Servicios o el portal.<\/p><h2 class=\"wp-block-heading\"><strong>Responsabilidad<\/strong><\/h2><p>El Usuario es consciente de, y acepta voluntariamente, que el uso del Portal, de los Servicios y de cualesquiera Contenidos tiene lugar, en todo caso, bajo su \u00fanica y exclusiva responsabilidad. El Usuario expresamente reconoce y acepta que www.naroanoia.es bajo ninguna circunstancia ser\u00e1 responsable por cualquier da\u00f1o directo, indirecto, emergente, lucro cesante, relacionados directa o indirectamente con el uso o la imposibilidad de usar el portal; la posibilidad o imposibilidad por parte del Usuario de utilizar los Servicios o la informaci\u00f3n obtenida de los Servicios o cualquier otra circunstancia directa o indirectamente relacionada con los Servicios o con la navegaci\u00f3n del Usuario en el portal.&nbsp;<\/p><p>El Usuario expresamente reconoce y acepta que la utilizaci\u00f3n por su parte de los Servicios y del portal es a su exclusivo costo y riesgo. www.naroanoia.es. no garantiza la exactitud de toda informaci\u00f3n, documentaci\u00f3n y precisi\u00f3n de los Servicios contenidos en el portal. Todo el material descargado por el Usuario del portal se realiza bajo la exclusiva responsabilidad del Usuario, no siendo www.naroanoia.es. responsable por cualquier da\u00f1o que dicha informaci\u00f3n pudiera causar en la computadora o sistemas del Usuario.<\/p><h2 class=\"wp-block-heading\"><strong>Exclusi\u00f3n de responsabilidad<\/strong><\/h2><p>La informaci\u00f3n contenida en esta p\u00e1gina web ha sido revisada y se actualiza frecuentemente. No se ofrece garant\u00eda de integridad, correcci\u00f3n o actualidad. Todos los datos pueden ser retirados o modificados en cualquier momento sin necesidad de notificaci\u00f3n. A pesar de revisar y controlar el contenido peri\u00f3dicamente no nos hacemos responsables del contenido de enlaces externos. www.naroanoia.es no se responsabiliza del contenido de otras p\u00e1ginas web que tengan enlaces a www.naroanoia.es.<\/p><h2 class=\"wp-block-heading\"><strong>Jurisdicci\u00f3n<\/strong><\/h2><p>Para la resoluci\u00f3n de todas las controversias o cuestiones relacionadas con el presente sitio web o de las actividades en \u00e9l desarrolladas, ser\u00e1 de aplicaci\u00f3n la legislaci\u00f3n espa\u00f1ola siendo competentes para la resoluci\u00f3n de todos los conflictos derivados o relacionados con su uso los Juzgados y Tribunales espa\u00f1oles competentes que ser\u00e1 seleccionado por el titular del portal.<\/p>","protected":false},"excerpt":{"rendered":"<p>Condiciones de uso Objeto y aceptaci\u00f3n Estas condiciones generales que regulan el uso del servicio de portal de Internet www.naroanoia.es (en adelante, el \u00abPortal\u00bb).&nbsp; La utilizaci\u00f3n del Portal atribuye la condici\u00f3n de usuario del Portal (en adelante, el \u00abUsuario\u00bb) y expresa la adhesi\u00f3n plena y sin reservas del Usuario a todas y cada una de&hellip;&nbsp;<a href=\"https:\/\/naroanoia.es\/index.php\/aviso-legal\/\" rel=\"bookmark\">Leer m\u00e1s &raquo;<span class=\"screen-reader-text\">Aviso legal<\/span><\/a><\/p>\n","protected":false},"author":1,"featured_media":0,"parent":0,"menu_order":0,"comment_status":"closed","ping_status":"closed","template":"","meta":{"neve_meta_sidebar":"","neve_meta_container":"","neve_meta_enable_content_width":"off","neve_meta_content_width":0,"neve_meta_title_alignment":"","neve_meta_author_avatar":"","neve_post_elements_order":"","neve_meta_disable_header":"","neve_meta_disable_footer":"","neve_meta_disable_title":"","_themeisle_gutenberg_block_has_review":false,"_joinchat":[],"footnotes":""},"class_list":["post-195","page","type-page","status-publish","hentry"],"aioseo_notices":[],"jetpack_sharing_enabled":true,"_links":{"self":[{"href":"https:\/\/naroanoia.es\/index.php\/wp-json\/wp\/v2\/pages\/195","targetHints":{"allow":["GET"]}}],"collection":[{"href":"https:\/\/naroanoia.es\/index.php\/wp-json\/wp\/v2\/pages"}],"about":[{"href":"https:\/\/naroanoia.es\/index.php\/wp-json\/wp\/v2\/types\/page"}],"author":[{"embeddable":true,"href":"https:\/\/naroanoia.es\/index.php\/wp-json\/wp\/v2\/users\/1"}],"replies":[{"embeddable":true,"href":"https:\/\/naroanoia.es\/index.php\/wp-json\/wp\/v2\/comments?post=195"}],"version-history":[{"count":2,"href":"https:\/\/naroanoia.es\/index.php\/wp-json\/wp\/v2\/pages\/195\/revisions"}],"predecessor-version":[{"id":393,"href":"https:\/\/naroanoia.es\/index.php\/wp-json\/wp\/v2\/pages\/195\/revisions\/393"}],"wp:attachment":[{"href":"https:\/\/naroanoia.es\/index.php\/wp-json\/wp\/v2\/media?parent=195"}],"curies":[{"name":"wp","href":"https:\/\/api.w.org\/{rel}","templated":true}]}}