{"id":139,"date":"2020-02-17T09:21:08","date_gmt":"2020-02-17T09:21:08","guid":{"rendered":"https:\/\/demosites.io\/fitness-gb\/?page_id=139"},"modified":"2023-06-07T23:37:20","modified_gmt":"2023-06-07T23:37:20","slug":"naroa","status":"publish","type":"page","link":"https:\/\/naroanoia.es\/index.php\/naroa\/","title":{"rendered":"Naro\u00e1"},"content":{"rendered":"<div id=\"wp-block-themeisle-blocks-advanced-columns-4e0d671d\" class=\"wp-block-themeisle-blocks-advanced-columns alignfull has-1-columns has-desktop-equal-layout has-tablet-equal-layout has-mobile-equal-layout has-vertical-center\"><div class=\"wp-block-themeisle-blocks-advanced-columns-overlay\"><\/div><div class=\"innerblocks-wrap\"><div id=\"wp-block-themeisle-blocks-advanced-column-d4d96d4a\" class=\"wp-block-themeisle-blocks-advanced-column\"><h1 id=\"wp-block-themeisle-blocks-advanced-heading-6297c131\" class=\"wp-block-themeisle-blocks-advanced-heading wp-block-themeisle-blocks-advanced-heading-6297c131\">Naro\u00e1<\/h1><\/div><\/div><\/div><div id=\"wp-block-themeisle-blocks-advanced-columns-0273539a\" class=\"wp-block-themeisle-blocks-advanced-columns alignfull has-1-columns has-desktop-equal-layout has-tablet-equal-layout has-mobile-equal-layout has-vertical-unset\"><div class=\"wp-block-themeisle-blocks-advanced-columns-overlay\"><\/div><div class=\"innerblocks-wrap\"><div id=\"wp-block-themeisle-blocks-advanced-column-77cbf08c\" class=\"wp-block-themeisle-blocks-advanced-column\"><span id=\"wp-block-themeisle-blocks-advanced-heading-96034b55\" class=\"wp-block-themeisle-blocks-advanced-heading wp-block-themeisle-blocks-advanced-heading-96034b55\"><strong>NARO\u00c1, BELLEZA Y EST\u00c9TICA<\/strong><\/span>\n\n<h2 id=\"wp-block-themeisle-blocks-advanced-heading-b89eeed3\" class=\"wp-block-themeisle-blocks-advanced-heading wp-block-themeisle-blocks-advanced-heading-b89eeed3\">Historia del centro<\/h2>\n\n<p>Somos una empresa nacida en el a\u00f1o 2017, que tras varios a\u00f1os dedicados al sector de diferentes formas, hemos decido emprender nuestro propio sue\u00f1o y dar creaci\u00f3n a lo que hoy es Naro\u00e1, una peque\u00f1a empresa en la que nos dedicamos al campo de la belleza, abarcando la peluquer\u00eda y la est\u00e9tica.<\/p>\n\n<p>Nuestro prop\u00f3sito es buscar siempre una buena calidad de servicio y ofrecer productos de calidad, optando por la cercan\u00eda y bienestar, buscando aportar lo que cada cliente necesita.<\/p><\/div><\/div><\/div><div id=\"wp-block-themeisle-blocks-advanced-columns-5be898d6\" class=\"wp-block-themeisle-blocks-advanced-columns alignfull has-3-columns has-desktop-equal-layout has-tablet-equal-layout has-mobile-collapsedRows-layout has-vertical-center has-dark-bg\"><div class=\"wp-block-themeisle-blocks-advanced-columns-overlay\"><\/div><div class=\"innerblocks-wrap\"><div id=\"wp-block-themeisle-blocks-advanced-column-2082b1bd\" class=\"wp-block-themeisle-blocks-advanced-column\"><figure class=\"wp-block-image size-full\"><img loading=\"lazy\" decoding=\"async\" width=\"360\" height=\"360\" src=\"https:\/\/naroanoia.es\/wp-content\/uploads\/2023\/05\/foto-naroa-1.jpg\" alt=\"\" class=\"wp-image-306\" srcset=\"https:\/\/naroanoia.es\/wp-content\/uploads\/2023\/05\/foto-naroa-1.jpg 360w, https:\/\/naroanoia.es\/wp-content\/uploads\/2023\/05\/foto-naroa-1-300x300.jpg 300w, https:\/\/naroanoia.es\/wp-content\/uploads\/2023\/05\/foto-naroa-1-100x100.jpg 100w, https:\/\/naroanoia.es\/wp-content\/uploads\/2023\/05\/foto-naroa-1-150x150.jpg 150w\" sizes=\"auto, (max-width: 360px) 100vw, 360px\" \/><\/figure><\/div>\n\n<div id=\"wp-block-themeisle-blocks-advanced-column-f6cba639\" class=\"wp-block-themeisle-blocks-advanced-column\"><figure class=\"wp-block-image size-full\"><img loading=\"lazy\" decoding=\"async\" width=\"360\" height=\"360\" src=\"https:\/\/naroanoia.es\/wp-content\/uploads\/2023\/05\/foto-naroa-2.jpg\" alt=\"\" class=\"wp-image-307\" srcset=\"https:\/\/naroanoia.es\/wp-content\/uploads\/2023\/05\/foto-naroa-2.jpg 360w, https:\/\/naroanoia.es\/wp-content\/uploads\/2023\/05\/foto-naroa-2-300x300.jpg 300w, https:\/\/naroanoia.es\/wp-content\/uploads\/2023\/05\/foto-naroa-2-100x100.jpg 100w, https:\/\/naroanoia.es\/wp-content\/uploads\/2023\/05\/foto-naroa-2-150x150.jpg 150w\" sizes=\"auto, (max-width: 360px) 100vw, 360px\" \/><\/figure><\/div>\n\n<div id=\"wp-block-themeisle-blocks-advanced-column-4248076a\" class=\"wp-block-themeisle-blocks-advanced-column\"><figure class=\"wp-block-image size-full\"><img loading=\"lazy\" decoding=\"async\" width=\"360\" height=\"360\" src=\"https:\/\/naroanoia.es\/wp-content\/uploads\/2023\/05\/foto-naroa-3.jpg\" alt=\"\" class=\"wp-image-308\" srcset=\"https:\/\/naroanoia.es\/wp-content\/uploads\/2023\/05\/foto-naroa-3.jpg 360w, https:\/\/naroanoia.es\/wp-content\/uploads\/2023\/05\/foto-naroa-3-300x300.jpg 300w, https:\/\/naroanoia.es\/wp-content\/uploads\/2023\/05\/foto-naroa-3-100x100.jpg 100w, https:\/\/naroanoia.es\/wp-content\/uploads\/2023\/05\/foto-naroa-3-150x150.jpg 150w\" sizes=\"auto, (max-width: 360px) 100vw, 360px\" \/><\/figure><\/div><\/div><\/div><div id=\"wp-block-themeisle-blocks-advanced-columns-fbdc066e\" class=\"wp-block-themeisle-blocks-advanced-columns alignfull has-3-columns has-desktop-equal-layout has-tablet-equal-layout has-mobile-collapsedRows-layout has-vertical-unset\"><div class=\"wp-block-themeisle-blocks-advanced-columns-overlay\"><\/div><div class=\"innerblocks-wrap\"><div id=\"wp-block-themeisle-blocks-advanced-column-2efe9b88\" class=\"wp-block-themeisle-blocks-advanced-column\"><div id=\"wp-block-themeisle-blocks-font-awesome-icons-c713fbe6\" class=\"wp-block-themeisle-blocks-font-awesome-icons\"><span class=\"wp-block-themeisle-blocks-font-awesome-icons-container\"><i class=\"far fa-check-circle\"><\/i><\/span><\/div>\n\n<h4 id=\"wp-block-themeisle-blocks-advanced-heading-e39f9498\" class=\"wp-block-themeisle-blocks-advanced-heading wp-block-themeisle-blocks-advanced-heading-e39f9498\">Experiencia<\/h4>\n\n<p id=\"wp-block-themeisle-blocks-advanced-heading-cb2ee817\" class=\"wp-block-themeisle-blocks-advanced-heading wp-block-themeisle-blocks-advanced-heading-cb2ee817\">M\u00e1s de 15 a\u00f1os de experiencia nos avalan.<\/p><\/div>\n\n<div id=\"wp-block-themeisle-blocks-advanced-column-2bce45cc\" class=\"wp-block-themeisle-blocks-advanced-column\"><div id=\"wp-block-themeisle-blocks-font-awesome-icons-9bd6f2c2\" class=\"wp-block-themeisle-blocks-font-awesome-icons\"><span class=\"wp-block-themeisle-blocks-font-awesome-icons-container\"><i class=\"far fa-check-circle\"><\/i><\/span><\/div>\n\n<h4 id=\"wp-block-themeisle-blocks-advanced-heading-971714da\" class=\"wp-block-themeisle-blocks-advanced-heading wp-block-themeisle-blocks-advanced-heading-971714da\">Profesionalidad<\/h4>\n\n<p id=\"wp-block-themeisle-blocks-advanced-heading-8d7f8636\" class=\"wp-block-themeisle-blocks-advanced-heading wp-block-themeisle-blocks-advanced-heading-8d7f8636\">El equipo de Naroa est\u00e1 formado por profesionales altamente capacitados en el sector de la belleza y la est\u00e9tica.<\/p><\/div>\n\n<div id=\"wp-block-themeisle-blocks-advanced-column-9c2dcfff\" class=\"wp-block-themeisle-blocks-advanced-column\"><div id=\"wp-block-themeisle-blocks-font-awesome-icons-b3829df8\" class=\"wp-block-themeisle-blocks-font-awesome-icons\"><span class=\"wp-block-themeisle-blocks-font-awesome-icons-container\"><i class=\"far fa-check-circle\"><\/i><\/span><\/div>\n\n<h4 id=\"wp-block-themeisle-blocks-advanced-heading-50629f61\" class=\"wp-block-themeisle-blocks-advanced-heading wp-block-themeisle-blocks-advanced-heading-50629f61\">\u00daltimas tendencias<\/h4>\n\n<p id=\"wp-block-themeisle-blocks-advanced-heading-616c0065\" class=\"wp-block-themeisle-blocks-advanced-heading wp-block-themeisle-blocks-advanced-heading-616c0065\">Realizamos un importante trabajo de investigaci\u00f3n en cuanto las \u00faltimas tendencias. Adem\u00e1s, trabajamos con marcas punteras que nos adelanten todo tipo de novedades.<\/p><\/div><\/div><\/div><div id=\"wp-block-themeisle-blocks-advanced-columns-223fe763\" class=\"wp-block-themeisle-blocks-advanced-columns alignfull has-2-columns has-desktop-equal-layout has-tablet-equal-layout has-mobile-collapsedRows-layout has-vertical-unset\"><div class=\"wp-block-themeisle-blocks-advanced-columns-overlay\"><\/div><div class=\"innerblocks-wrap\"><div id=\"wp-block-themeisle-blocks-advanced-column-e76aa28b\" class=\"wp-block-themeisle-blocks-advanced-column has-light-bg\"><span id=\"wp-block-themeisle-blocks-advanced-heading-44761de2\" class=\"wp-block-themeisle-blocks-advanced-heading wp-block-themeisle-blocks-advanced-heading-44761de2\"><strong>NARO\u00c1, BELLEZA Y EST\u00c9TICA<\/strong><\/span>\n\n<h2 id=\"wp-block-themeisle-blocks-advanced-heading-bdac4649\" class=\"wp-block-themeisle-blocks-advanced-heading wp-block-themeisle-blocks-advanced-heading-bdac4649\">NUESTRA HOJA DE SERVICIOS<\/h2><\/div>\n\n<div id=\"wp-block-themeisle-blocks-advanced-column-6f1f72a1\" class=\"wp-block-themeisle-blocks-advanced-column has-dark-bg\"><div class=\"wp-block-buttons is-content-justification-center is-layout-flex wp-container-core-buttons-is-layout-16018d1d wp-block-buttons-is-layout-flex\"><div class=\"wp-block-button is-style-secondary\"><a class=\"wp-block-button__link wp-element-button\" href=\"https:\/\/naroanoia.es\/groups\/\">VER AQU\u00cd<\/a><\/div><\/div><\/div><\/div><\/div><div id=\"wp-block-themeisle-blocks-advanced-columns-d71dbe7f\" class=\"wp-block-themeisle-blocks-advanced-columns alignfull has-2-columns has-desktop-equal-layout has-tablet-equal-layout has-mobile-collapsedRows-layout has-vertical-center has-light-bg\"><div class=\"wp-block-themeisle-blocks-advanced-columns-overlay\"><\/div><div class=\"innerblocks-wrap\"><div id=\"wp-block-themeisle-blocks-advanced-column-11f00c69\" class=\"wp-block-themeisle-blocks-advanced-column\"><h2 id=\"wp-block-themeisle-blocks-advanced-heading-ba8a9dc4\" class=\"wp-block-themeisle-blocks-advanced-heading wp-block-themeisle-blocks-advanced-heading-ba8a9dc4\">D\u00d3NDE ESTAMOS<\/h2>\n\n<span id=\"wp-block-themeisle-blocks-advanced-heading-4fce5c34\" class=\"wp-block-themeisle-blocks-advanced-heading wp-block-themeisle-blocks-advanced-heading-4fce5c34\"><strong><strong>10:00 a 20:00 <\/strong>(de lunes a viernes). <strong>S\u00c1BADOS de 09:00 a 15:00<\/strong>. <strong>LOS DOMINGOS CERRAMOS.<\/strong><\/strong><\/span>\n\n<p class=\"has-text-color\" style=\"color:#222222\">R\u00faa Pintor Xenaro Carrero, 19, Bajo, 15200.<\/p>\n\n<p>Noia (A Coru\u00f1a).<\/p>\n\n<span id=\"wp-block-themeisle-blocks-advanced-heading-75de8887\" class=\"wp-block-themeisle-blocks-advanced-heading wp-block-themeisle-blocks-advanced-heading-75de8887\"><strong><strong>981 82 23 49<\/strong><\/strong><\/span>\n\n<span id=\"wp-block-themeisle-blocks-advanced-heading-f5a611fb\" class=\"wp-block-themeisle-blocks-advanced-heading wp-block-themeisle-blocks-advanced-heading-f5a611fb\"><strong><strong>INFO@NAROANOIA.ES<\/strong><\/strong><\/span><\/div>\n\n<div id=\"wp-block-themeisle-blocks-advanced-column-7abab17f\" class=\"wp-block-themeisle-blocks-advanced-column\"><iframe src=\"https:\/\/www.google.com\/maps\/embed?pb=!1m14!1m8!1m3!1d11712.017004910249!2d-8.88988!3d42.78826!3m2!1i1024!2i768!4f13.1!3m3!1m2!1s0xd2f2102e04a9f03%3A0x4ce364e5c38cefdd!2sNARO%C3%81%20Estilismo%20y%20Belleza!5e0!3m2!1ses!2ses!4v1683733446000!5m2!1ses!2ses\" width=\"600\" height=\"450\" style=\"border:0;\" allowfullscreen=\"\" loading=\"lazy\" referrerpolicy=\"no-referrer-when-downgrade\"><\/iframe><\/div><\/div><\/div>","protected":false},"excerpt":{"rendered":"","protected":false},"author":1,"featured_media":0,"parent":0,"menu_order":0,"comment_status":"closed","ping_status":"closed","template":"page-templates\/template-pagebuilder-full-width.php","meta":{"neve_meta_sidebar":"full-width","neve_meta_container":"","neve_meta_enable_content_width":"on","neve_meta_content_width":100,"neve_meta_title_alignment":"","neve_meta_author_avatar":"","neve_post_elements_order":"","neve_meta_disable_header":"","neve_meta_disable_footer":"","neve_meta_disable_title":"","_themeisle_gutenberg_block_has_review":false,"_joinchat":[],"footnotes":""},"class_list":["post-139","page","type-page","status-publish","hentry"],"aioseo_notices":[],"jetpack_sharing_enabled":true,"_links":{"self":[{"href":"https:\/\/naroanoia.es\/index.php\/wp-json\/wp\/v2\/pages\/139","targetHints":{"allow":["GET"]}}],"collection":[{"href":"https:\/\/naroanoia.es\/index.php\/wp-json\/wp\/v2\/pages"}],"about":[{"href":"https:\/\/naroanoia.es\/index.php\/wp-json\/wp\/v2\/types\/page"}],"author":[{"embeddable":true,"href":"https:\/\/naroanoia.es\/index.php\/wp-json\/wp\/v2\/users\/1"}],"replies":[{"embeddable":true,"href":"https:\/\/naroanoia.es\/index.php\/wp-json\/wp\/v2\/comments?post=139"}],"version-history":[{"count":4,"href":"https:\/\/naroanoia.es\/index.php\/wp-json\/wp\/v2\/pages\/139\/revisions"}],"predecessor-version":[{"id":417,"href":"https:\/\/naroanoia.es\/index.php\/wp-json\/wp\/v2\/pages\/139\/revisions\/417"}],"wp:attachment":[{"href":"https:\/\/naroanoia.es\/index.php\/wp-json\/wp\/v2\/media?parent=139"}],"curies":[{"name":"wp","href":"https:\/\/api.w.org\/{rel}","templated":true}]}}